{"id":7,"date":"2023-09-22T20:49:38","date_gmt":"2023-09-22T18:49:38","guid":{"rendered":"https:\/\/www.alma-technologies.net\/?page_id=7"},"modified":"2023-11-17T08:48:15","modified_gmt":"2023-11-17T07:48:15","slug":"accueil","status":"publish","type":"page","link":"https:\/\/www.alma-technologies.net\/","title":{"rendered":"Accueil"},"content":{"rendered":"\n<div class=\"wp-block-cover alignfull is-light\" style=\"min-height:720px;aspect-ratio:unset;\"><span aria-hidden=\"true\" class=\"wp-block-cover__background has-background-dim-100 has-background-dim has-background-gradient\" style=\"background:linear-gradient(35deg,rgb(6,0,151) 0%,rgb(130,4,255) 73%,rgb(193,15,255) 100%)\"><\/span><div class=\"wp-block-cover__inner-container is-layout-flow wp-block-cover-is-layout-flow\">\n<div class=\"inherit-container-width wp-block-group alignwide is-layout-constrained wp-block-group-is-layout-constrained\">\n<div class=\"wp-block-media-text alignwide has-media-on-the-right is-stacked-on-mobile is-vertically-aligned-center\" style=\"grid-template-columns:auto 43%\"><div class=\"wp-block-media-text__content\">\n<h1 class=\"wp-block-heading has-text-align-left has-white-color has-text-color\">Alma Technologies<\/h1>\n\n\n\n<p>Nous Sommes&nbsp;une agence ind\u00e9pendante de transformation digitale qui accompagne ses clients dans leurs enjeux de digitalisation. Notre promesse est de mettre les nouvelles technologies au service de l&#8217;humain.<\/p>\n\n\n\n<div class=\"wp-block-buttons is-layout-flex wp-block-buttons-is-layout-flex\">\n<div class=\"wp-block-button\"><a class=\"wp-block-button__link wp-element-button\" href=\"mailto:haithem.saihi@alma-technologies.fr\">Contact<\/a><\/div>\n<\/div>\n<\/div><figure class=\"wp-block-media-text__media\"><img decoding=\"async\" src=\"https:\/\/www.alma-technologies.net\/wp-content\/themes\/astra\/inc\/assets\/images\/starter-content\/hero-img.svg\" alt=\"\" class=\"wp-image-118 size-full\"\/><\/figure><\/div>\n<\/div>\n<\/div><\/div>\n\n\n\n<div class=\"wp-block-group alignfull has-ast-global-color-5-background-color has-background is-layout-constrained wp-container-core-group-is-layout-9cedb757 wp-block-group-is-layout-constrained\" style=\"padding-bottom:0px\">\n<div class=\"wp-block-columns are-vertically-aligned-top is-layout-flex wp-container-core-columns-is-layout-00723822 wp-block-columns-is-layout-flex\">\n<div class=\"wp-block-column is-vertically-aligned-top is-layout-flow wp-container-core-column-is-layout-6b73ce23 wp-block-column-is-layout-flow\">\n<figure class=\"wp-block-image size-large\"><img decoding=\"async\" src=\"https:\/\/www.alma-technologies.net\/wp-content\/themes\/astra\/inc\/assets\/images\/starter-content\/building.svg\" alt=\"\" class=\"wp-image-134\"\/><\/figure>\n\n\n\n<h3 class=\"wp-block-heading has-text-align-left\" style=\"margin-top:16px\">Innovation digitale<\/h3>\n\n\n\n<p class=\"has-text-align-left\">Nous vous aidons \u00e0 concevoir, d\u00e9velopper et d\u00e9livrer votre transformation digitale.<\/p>\n<\/div>\n\n\n\n<div class=\"wp-block-column is-vertically-aligned-top is-layout-flow wp-container-core-column-is-layout-6b73ce23 wp-block-column-is-layout-flow\">\n<figure class=\"wp-block-image size-large\"><img decoding=\"async\" src=\"https:\/\/www.alma-technologies.net\/wp-content\/themes\/astra\/inc\/assets\/images\/starter-content\/shopping-bag.svg\" alt=\"\" class=\"wp-image-135\"\/><\/figure>\n\n\n\n<h3 class=\"wp-block-heading has-text-align-left\" style=\"margin-top:16px\">Efficacit\u00e9 op\u00e9rationnelle<\/h3>\n\n\n\n<p class=\"has-text-align-left\">Nous sommes \u00e0 vos c\u00f4t\u00e9s pour construire et g\u00e9rer votre programme d&#8217;efficacit\u00e9 op\u00e9rationnelle.<\/p>\n<\/div>\n\n\n\n<div class=\"wp-block-column is-vertically-aligned-top is-layout-flow wp-container-core-column-is-layout-6b73ce23 wp-block-column-is-layout-flow\">\n<figure class=\"wp-block-image size-large\"><img decoding=\"async\" src=\"https:\/\/www.alma-technologies.net\/wp-content\/themes\/astra\/inc\/assets\/images\/starter-content\/blog.svg\" alt=\"\" class=\"wp-image-136\"\/><\/figure>\n\n\n\n<h3 class=\"wp-block-heading has-text-align-left\" style=\"margin-top:16px\">Accompagnement <\/h3>\n\n\n\n<p class=\"has-text-align-left\">Quelque soit votre niveau d\u2019avancement, nos experts de l\u2019intelligence artificielle et en gestion des donn\u00e9es vous apportent les r\u00e9ponses les plus adapt\u00e9es \u00e0 votre contexte.<\/p>\n<\/div>\n\n\n\n<div class=\"wp-block-column is-vertically-aligned-top is-layout-flow wp-container-core-column-is-layout-6b73ce23 wp-block-column-is-layout-flow\">\n<figure class=\"wp-block-image size-large\"><img decoding=\"async\" src=\"https:\/\/www.alma-technologies.net\/wp-content\/themes\/astra\/inc\/assets\/images\/starter-content\/portfolio.svg\" alt=\"\" class=\"wp-image-137\"\/><\/figure>\n\n\n\n<h3 class=\"wp-block-heading has-text-align-left\" style=\"margin-top:16px\">Strat\u00e9gie Cloud<\/h3>\n\n\n\n<p class=\"has-text-align-left\">Nous vous accompagnons pour fixer vos priorit\u00e9s en lien avec vos enjeux m\u00e9tier.<\/p>\n<\/div>\n<\/div>\n<\/div>\n\n\n\n<div class=\"wp-block-group alignfull is-layout-constrained wp-container-core-group-is-layout-45b0ac4f wp-block-group-is-layout-constrained\" id=\"services\" style=\"padding-top:144px;padding-bottom:0px\">\n<h2 class=\"wp-block-heading\">Nos Services<\/h2>\n\n\n\n<div class=\"wp-block-columns is-layout-flex wp-container-core-columns-is-layout-60cbf9bb wp-block-columns-is-layout-flex\" style=\"margin-top:50px\">\n<div class=\"wp-block-column is-layout-flow wp-container-core-column-is-layout-6b73ce23 wp-block-column-is-layout-flow\">\n<figure class=\"wp-block-image size-full is-resized\"><img loading=\"lazy\" decoding=\"async\" width=\"500\" height=\"375\" src=\"https:\/\/www.alma-technologies.net\/wp-content\/uploads\/2023\/09\/TEST-AGILE-ENTREPRISE-FRANCE-NEARSHORE-500x375-1.jpg\" alt=\"\" class=\"wp-image-39\" style=\"width:384px;height:288px\" srcset=\"https:\/\/www.alma-technologies.net\/wp-content\/uploads\/2023\/09\/TEST-AGILE-ENTREPRISE-FRANCE-NEARSHORE-500x375-1.jpg 500w, https:\/\/www.alma-technologies.net\/wp-content\/uploads\/2023\/09\/TEST-AGILE-ENTREPRISE-FRANCE-NEARSHORE-500x375-1-300x225.jpg 300w\" sizes=\"auto, (max-width: 500px) 100vw, 500px\" \/><\/figure>\n\n\n\n<h3 class=\"wp-block-heading\" style=\"margin-top:16px\">Test et Validation Logiciel<\/h3>\n\n\n\n<p>Nous apportons une expertise pr\u00e9cise, des processus rigoureux et une passion pour l&#8217;excellence, garantissant la fiabilit\u00e9, la performance et la conformit\u00e9 de vos solutions logicielles.<\/p>\n<\/div>\n\n\n\n<div class=\"wp-block-column is-layout-flow wp-container-core-column-is-layout-6b73ce23 wp-block-column-is-layout-flow\">\n<figure class=\"wp-block-image size-full\"><img loading=\"lazy\" decoding=\"async\" width=\"500\" height=\"375\" src=\"https:\/\/www.alma-technologies.net\/wp-content\/uploads\/2023\/09\/code.jpg\" alt=\"\" class=\"wp-image-40\" srcset=\"https:\/\/www.alma-technologies.net\/wp-content\/uploads\/2023\/09\/code.jpg 500w, https:\/\/www.alma-technologies.net\/wp-content\/uploads\/2023\/09\/code-300x225.jpg 300w\" sizes=\"auto, (max-width: 500px) 100vw, 500px\" \/><\/figure>\n\n\n\n<h3 class=\"wp-block-heading\" style=\"margin-top:16px\">D\u00e9veloppent Web &amp; Mobile<\/h3>\n\n\n\n<p>Notre \u00e9quipe d\u00e9vou\u00e9e excelle dans le d\u00e9veloppement web et mobile, apportant une combinaison unique de cr\u00e9ativit\u00e9, d&#8217;expertise technique et d&#8217;engagement envers la satisfaction client.<\/p>\n<\/div>\n\n\n\n<div class=\"wp-block-column is-layout-flow wp-container-core-column-is-layout-6b73ce23 wp-block-column-is-layout-flow\">\n<figure class=\"wp-block-image size-full\"><img loading=\"lazy\" decoding=\"async\" width=\"500\" height=\"375\" src=\"https:\/\/www.alma-technologies.net\/wp-content\/uploads\/2023\/09\/test.jpg\" alt=\"\" class=\"wp-image-41\" srcset=\"https:\/\/www.alma-technologies.net\/wp-content\/uploads\/2023\/09\/test.jpg 500w, https:\/\/www.alma-technologies.net\/wp-content\/uploads\/2023\/09\/test-300x225.jpg 300w\" sizes=\"auto, (max-width: 500px) 100vw, 500px\" \/><\/figure>\n\n\n\n<h3 class=\"wp-block-heading\" style=\"margin-top:16px\">Data &amp; IA<\/h3>\n\n\n\n<p>Quelque soit votre niveau d\u2019avancement, nos experts de l\u2019intelligence artificielle et en gestion des donn\u00e9es vous apportent les r\u00e9ponses les plus adapt\u00e9es \u00e0 votre contexte.<\/p>\n<\/div>\n<\/div>\n<\/div>\n\n\n\n<div class=\"wp-block-group alignfull has-ast-global-color-5-background-color has-background is-layout-constrained wp-container-core-group-is-layout-94d206d0 wp-block-group-is-layout-constrained\" id=\"about\" style=\"padding-top:143px;padding-bottom:144px\">\n<div class=\"wp-block-media-text has-media-on-the-right is-stacked-on-mobile is-vertically-aligned-center\"><div class=\"wp-block-media-text__content\">\n<div class=\"inherit-container-width wp-block-group is-layout-constrained wp-container-core-group-is-layout-47ce07ec wp-block-group-is-layout-constrained\" style=\"padding-right:80px\">\n<h2 class=\"wp-block-heading\" style=\"padding-right:40px\">VOTRE PARTENAIRE STRAT\u00c9GIQUE DE TRANSFORMATION DIGITALE <\/h2>\n\n\n\n<p>Alma Technologies est votre source innovatrice et fiable de cr\u00e9ation de services digital .<br>Nos \u00e9quipes appliquent des technologies appr\u00e9ci\u00e9es et optimis\u00e9es avec une inspiration cr\u00e9ative pour assurer le succ\u00e8s de nos clients.<\/p>\n<\/div>\n<\/div><figure class=\"wp-block-media-text__media\"><img decoding=\"async\" src=\"https:\/\/www.alma-technologies.net\/wp-content\/themes\/astra\/inc\/assets\/images\/starter-content\/about-us.jpg\" alt=\"\" class=\"wp-image-237 size-full\"\/><\/figure><\/div>\n<\/div>\n\n\n\n<div class=\"wp-block-group alignfull has-ast-global-color-4-background-color has-background is-layout-constrained wp-container-core-group-is-layout-6a2cfb7b wp-block-group-is-layout-constrained\" id=\"reviews\">\n<p class=\"has-text-align-center\" style=\"font-size:22px;line-height:1.6\"><br>&#8220;Le d\u00e9veloppement web dans l&#8217;\u00e8re des nouvelles technologies est une symphonie o\u00f9 la cr\u00e9ativit\u00e9 code avec l&#8217;innovation, la fonctionnalit\u00e9 danse avec l&#8217;esth\u00e9tique, et chaque ligne de code \u00e9crit une histoire d&#8217;avenir num\u00e9rique.&#8221; #WebDevelopment #InnovationTechnologique \ud83c\udf10\ud83d\udcbb<\/p>\n\n\n\n<p class=\"has-text-align-center\">Haithem Saihi<\/p>\n<\/div>\n\n\n\n<div class=\"wp-block-group alignfull is-layout-constrained wp-container-core-group-is-layout-3fee123f wp-block-group-is-layout-constrained\" id=\"whyus\" style=\"padding-top:144px;padding-bottom:144px\">\n<h2 class=\"wp-block-heading\">Pourquoi nous choisir ?<\/h2>\n\n\n\n<div class=\"wp-block-columns is-layout-flex wp-container-core-columns-is-layout-29aadeec wp-block-columns-is-layout-flex\" style=\"margin-top:60px\">\n<div class=\"wp-block-column is-layout-flow wp-container-core-column-is-layout-6b73ce23 wp-block-column-is-layout-flow\">\n<figure class=\"wp-block-image size-large\"><img decoding=\"async\" src=\"https:\/\/www.alma-technologies.net\/wp-content\/themes\/astra\/inc\/assets\/images\/starter-content\/passionate.svg\" alt=\"\" class=\"wp-image-162\"\/><\/figure>\n\n\n\n<h3 class=\"wp-block-heading\" style=\"margin-top:16px\"><strong>Passion D\u00e9bordante<\/strong><\/h3>\n\n\n\n<p>Alma Technologies est anim\u00e9e par une passion incommensurable pour la technologie et le d\u00e9veloppement. Chaque projet est abord\u00e9 avec enthousiasme, cr\u00e9ativit\u00e9 et un d\u00e9sir ardent de cr\u00e9er des solutions innovantes.<\/p>\n<\/div>\n\n\n\n<div class=\"wp-block-column is-layout-flow wp-container-core-column-is-layout-6b73ce23 wp-block-column-is-layout-flow\">\n<figure class=\"wp-block-image size-large\"><img decoding=\"async\" src=\"https:\/\/www.alma-technologies.net\/wp-content\/themes\/astra\/inc\/assets\/images\/starter-content\/professional.svg\" alt=\"\" class=\"wp-image-163\"\/><\/figure>\n\n\n\n<h3 class=\"wp-block-heading\" style=\"margin-top:16px\"><strong>Professionnalisme Exemplaire<\/strong><\/h3>\n\n\n\n<p>Notre \u00e9quipe de professionnels hautement qualifi\u00e9s et exp\u00e9riment\u00e9s est d\u00e9di\u00e9e \u00e0 offrir des services de d\u00e9veloppement web et mobile de la plus haute qualit\u00e9. Nous nous engageons \u00e0 respecter les d\u00e9lais, \u00e0 maintenir des normes \u00e9lev\u00e9es de qualit\u00e9 et \u00e0 garantir la satisfaction de nos clients.<\/p>\n<\/div>\n\n\n\n<div class=\"wp-block-column is-layout-flow wp-container-core-column-is-layout-6b73ce23 wp-block-column-is-layout-flow\">\n<figure class=\"wp-block-image size-large\"><img decoding=\"async\" src=\"https:\/\/www.alma-technologies.net\/wp-content\/themes\/astra\/inc\/assets\/images\/starter-content\/support.svg\" alt=\"\" class=\"wp-image-164\"\/><\/figure>\n\n\n\n<h3 class=\"wp-block-heading\" style=\"margin-top:16px\"><strong>Engagement envers le Support<\/strong><\/h3>\n\n\n\n<p>Notre engagement envers le support ne se termine pas \u00e0 la livraison du projet. Alma Technologies est d\u00e9di\u00e9e \u00e0 fournir un support continu, que ce soit pour des mises \u00e0 jour, des modifications ou des questions post-livraison. Nous sommes l\u00e0 pour vous accompagner tout au long de votre parcours technologique.<\/p>\n<\/div>\n<\/div>\n<\/div>\n\n\n\n<div class=\"wp-block-group alignfull has-background is-layout-constrained wp-container-core-group-is-layout-cfcca693 wp-block-group-is-layout-constrained\" id=\"contact\" style=\"background:linear-gradient(35deg,rgb(6,0,151) 0%,rgb(130,4,255) 64%,rgb(193,15,255) 98%);padding-top:104px;padding-bottom:104px\">\n<h5 class=\"wp-block-heading has-text-align-center has-text-color\" style=\"color:#ffffff\">Ensemble, nous fa\u00e7onnerons une exp\u00e9rience digitale exceptionnelle, adapt\u00e9e \u00e0 vos besoins uniques. Contactez-nous pour faire de votre vision une r\u00e9alit\u00e9 informatique d\u00e8s maintenant !&#8221;<\/h5>\n\n\n\n<div class=\"wp-block-buttons alignwide is-horizontal is-content-justification-center is-layout-flex wp-container-core-buttons-is-layout-bba8380a wp-block-buttons-is-layout-flex\" style=\"margin-top:50px\">\n<div class=\"wp-block-button\"><a class=\"wp-block-button__link wp-element-button\" href=\"mailto:haithem.saihi@alma-technologies.fr\">Contact<\/a><\/div>\n<\/div>\n<\/div>\n","protected":false},"excerpt":{"rendered":"<p>Innovation digitale Nous vous aidons \u00e0 concevoir, d\u00e9velopper et d\u00e9livrer votre transformation digitale. Efficacit\u00e9 op\u00e9rationnelle Nous sommes \u00e0 vos c\u00f4t\u00e9s pour construire et g\u00e9rer votre programme d&#8217;efficacit\u00e9 op\u00e9rationnelle. Accompagnement Quelque soit votre niveau d\u2019avancement, nos experts de l\u2019intelligence artificielle et en gestion des donn\u00e9es vous apportent les r\u00e9ponses les plus adapt\u00e9es \u00e0 votre contexte. Strat\u00e9gie &hellip;<\/p>\n<p class=\"read-more\"> <a class=\"\" href=\"https:\/\/www.alma-technologies.net\/\"> <span class=\"screen-reader-text\">Accueil<\/span> Read More &raquo;<\/a><\/p>\n","protected":false},"author":1,"featured_media":0,"parent":0,"menu_order":0,"comment_status":"closed","ping_status":"closed","template":"","meta":{"site-sidebar-layout":"no-sidebar","site-content-layout":"plain-container","ast-site-content-layout":"","site-content-style":"default","site-sidebar-style":"default","ast-global-header-display":"","ast-banner-title-visibility":"","ast-main-header-display":"","ast-hfb-above-header-display":"","ast-hfb-below-header-display":"","ast-hfb-mobile-header-display":"","site-post-title":"disabled","ast-breadcrumbs-content":"","ast-featured-img":"","footer-sml-layout":"","theme-transparent-header-meta":"enabled","adv-header-id-meta":"","stick-header-meta":"","header-above-stick-meta":"","header-main-stick-meta":"","header-below-stick-meta":"","astra-migrate-meta-layouts":"","footnotes":""},"class_list":["post-7","page","type-page","status-publish","hentry"],"yoast_head":"<!-- This site is optimized with the Yoast SEO plugin v21.2 - https:\/\/yoast.com\/wordpress\/plugins\/seo\/ -->\n<title>Accueil -<\/title>\n<meta name=\"robots\" content=\"index, follow, max-snippet:-1, max-image-preview:large, max-video-preview:-1\" \/>\n<link rel=\"canonical\" href=\"https:\/\/www.alma-technologies.net\/\" \/>\n<meta property=\"og:locale\" content=\"en_US\" \/>\n<meta property=\"og:type\" content=\"article\" \/>\n<meta property=\"og:title\" content=\"Accueil -\" \/>\n<meta property=\"og:description\" content=\"Innovation digitale Nous vous aidons \u00e0 concevoir, d\u00e9velopper et d\u00e9livrer votre transformation digitale. Efficacit\u00e9 op\u00e9rationnelle Nous sommes \u00e0 vos c\u00f4t\u00e9s pour construire et g\u00e9rer votre programme d&#8217;efficacit\u00e9 op\u00e9rationnelle. Accompagnement Quelque soit votre niveau d\u2019avancement, nos experts de l\u2019intelligence artificielle et en gestion des donn\u00e9es vous apportent les r\u00e9ponses les plus adapt\u00e9es \u00e0 votre contexte. Strat\u00e9gie &hellip; Accueil Read More &raquo;\" \/>\n<meta property=\"og:url\" content=\"https:\/\/www.alma-technologies.net\/\" \/>\n<meta property=\"article:modified_time\" content=\"2023-11-17T07:48:15+00:00\" \/>\n<meta property=\"og:image\" content=\"https:\/\/www.alma-technologies.net\/wp-content\/themes\/astra\/inc\/assets\/images\/starter-content\/hero-img.svg\" \/>\n<meta name=\"twitter:card\" content=\"summary_large_image\" \/>\n<meta name=\"twitter:label1\" content=\"Est. reading time\" \/>\n\t<meta name=\"twitter:data1\" content=\"5 minutes\" \/>\n<script type=\"application\/ld+json\" class=\"yoast-schema-graph\">{\"@context\":\"https:\/\/schema.org\",\"@graph\":[{\"@type\":\"WebPage\",\"@id\":\"https:\/\/www.alma-technologies.net\/\",\"url\":\"https:\/\/www.alma-technologies.net\/\",\"name\":\"Accueil -\",\"isPartOf\":{\"@id\":\"https:\/\/www.alma-technologies.net\/#website\"},\"datePublished\":\"2023-09-22T18:49:38+00:00\",\"dateModified\":\"2023-11-17T07:48:15+00:00\",\"breadcrumb\":{\"@id\":\"https:\/\/www.alma-technologies.net\/#breadcrumb\"},\"inLanguage\":\"en-US\",\"potentialAction\":[{\"@type\":\"ReadAction\",\"target\":[\"https:\/\/www.alma-technologies.net\/\"]}]},{\"@type\":\"BreadcrumbList\",\"@id\":\"https:\/\/www.alma-technologies.net\/#breadcrumb\",\"itemListElement\":[{\"@type\":\"ListItem\",\"position\":1,\"name\":\"Accueil\",\"item\":\"https:\/\/www.alma-technologies.net\/\"},{\"@type\":\"ListItem\",\"position\":2,\"name\":\"Accueil\"}]},{\"@type\":\"WebSite\",\"@id\":\"https:\/\/www.alma-technologies.net\/#website\",\"url\":\"https:\/\/www.alma-technologies.net\/\",\"name\":\"www.alma-technologies.net\",\"description\":\"une vie pleine de simplicit\u00e9\",\"publisher\":{\"@id\":\"https:\/\/www.alma-technologies.net\/#organization\"},\"potentialAction\":[{\"@type\":\"SearchAction\",\"target\":{\"@type\":\"EntryPoint\",\"urlTemplate\":\"https:\/\/www.alma-technologies.net\/?s={search_term_string}\"},\"query-input\":\"required name=search_term_string\"}],\"inLanguage\":\"en-US\"},{\"@type\":\"Organization\",\"@id\":\"https:\/\/www.alma-technologies.net\/#organization\",\"name\":\"alma technologies\",\"alternateName\":\"alma technologies\",\"url\":\"https:\/\/www.alma-technologies.net\/\",\"logo\":{\"@type\":\"ImageObject\",\"inLanguage\":\"en-US\",\"@id\":\"https:\/\/www.alma-technologies.net\/#\/schema\/logo\/image\/\",\"url\":\"https:\/\/www.alma-technologies.net\/wp-content\/uploads\/2023\/09\/cropped-logo2-1.png\",\"contentUrl\":\"https:\/\/www.alma-technologies.net\/wp-content\/uploads\/2023\/09\/cropped-logo2-1.png\",\"width\":170,\"height\":192,\"caption\":\"alma technologies\"},\"image\":{\"@id\":\"https:\/\/www.alma-technologies.net\/#\/schema\/logo\/image\/\"},\"sameAs\":[\"https:\/\/www.linkedin.com\/company\/alma-technologies-fr\/?viewAsMember=true\"]}]}<\/script>\n<!-- \/ Yoast SEO plugin. -->","yoast_head_json":{"title":"Accueil -","robots":{"index":"index","follow":"follow","max-snippet":"max-snippet:-1","max-image-preview":"max-image-preview:large","max-video-preview":"max-video-preview:-1"},"canonical":"https:\/\/www.alma-technologies.net\/","og_locale":"en_US","og_type":"article","og_title":"Accueil -","og_description":"Innovation digitale Nous vous aidons \u00e0 concevoir, d\u00e9velopper et d\u00e9livrer votre transformation digitale. Efficacit\u00e9 op\u00e9rationnelle Nous sommes \u00e0 vos c\u00f4t\u00e9s pour construire et g\u00e9rer votre programme d&#8217;efficacit\u00e9 op\u00e9rationnelle. Accompagnement Quelque soit votre niveau d\u2019avancement, nos experts de l\u2019intelligence artificielle et en gestion des donn\u00e9es vous apportent les r\u00e9ponses les plus adapt\u00e9es \u00e0 votre contexte. Strat\u00e9gie &hellip; Accueil Read More &raquo;","og_url":"https:\/\/www.alma-technologies.net\/","article_modified_time":"2023-11-17T07:48:15+00:00","og_image":[{"url":"https:\/\/www.alma-technologies.net\/wp-content\/themes\/astra\/inc\/assets\/images\/starter-content\/hero-img.svg"}],"twitter_card":"summary_large_image","twitter_misc":{"Est. reading time":"5 minutes"},"schema":{"@context":"https:\/\/schema.org","@graph":[{"@type":"WebPage","@id":"https:\/\/www.alma-technologies.net\/","url":"https:\/\/www.alma-technologies.net\/","name":"Accueil -","isPartOf":{"@id":"https:\/\/www.alma-technologies.net\/#website"},"datePublished":"2023-09-22T18:49:38+00:00","dateModified":"2023-11-17T07:48:15+00:00","breadcrumb":{"@id":"https:\/\/www.alma-technologies.net\/#breadcrumb"},"inLanguage":"en-US","potentialAction":[{"@type":"ReadAction","target":["https:\/\/www.alma-technologies.net\/"]}]},{"@type":"BreadcrumbList","@id":"https:\/\/www.alma-technologies.net\/#breadcrumb","itemListElement":[{"@type":"ListItem","position":1,"name":"Accueil","item":"https:\/\/www.alma-technologies.net\/"},{"@type":"ListItem","position":2,"name":"Accueil"}]},{"@type":"WebSite","@id":"https:\/\/www.alma-technologies.net\/#website","url":"https:\/\/www.alma-technologies.net\/","name":"www.alma-technologies.net","description":"une vie pleine de simplicit\u00e9","publisher":{"@id":"https:\/\/www.alma-technologies.net\/#organization"},"potentialAction":[{"@type":"SearchAction","target":{"@type":"EntryPoint","urlTemplate":"https:\/\/www.alma-technologies.net\/?s={search_term_string}"},"query-input":"required name=search_term_string"}],"inLanguage":"en-US"},{"@type":"Organization","@id":"https:\/\/www.alma-technologies.net\/#organization","name":"alma technologies","alternateName":"alma technologies","url":"https:\/\/www.alma-technologies.net\/","logo":{"@type":"ImageObject","inLanguage":"en-US","@id":"https:\/\/www.alma-technologies.net\/#\/schema\/logo\/image\/","url":"https:\/\/www.alma-technologies.net\/wp-content\/uploads\/2023\/09\/cropped-logo2-1.png","contentUrl":"https:\/\/www.alma-technologies.net\/wp-content\/uploads\/2023\/09\/cropped-logo2-1.png","width":170,"height":192,"caption":"alma technologies"},"image":{"@id":"https:\/\/www.alma-technologies.net\/#\/schema\/logo\/image\/"},"sameAs":["https:\/\/www.linkedin.com\/company\/alma-technologies-fr\/?viewAsMember=true"]}]}},"_links":{"self":[{"href":"https:\/\/www.alma-technologies.net\/index.php\/wp-json\/wp\/v2\/pages\/7","targetHints":{"allow":["GET"]}}],"collection":[{"href":"https:\/\/www.alma-technologies.net\/index.php\/wp-json\/wp\/v2\/pages"}],"about":[{"href":"https:\/\/www.alma-technologies.net\/index.php\/wp-json\/wp\/v2\/types\/page"}],"author":[{"embeddable":true,"href":"https:\/\/www.alma-technologies.net\/index.php\/wp-json\/wp\/v2\/users\/1"}],"replies":[{"embeddable":true,"href":"https:\/\/www.alma-technologies.net\/index.php\/wp-json\/wp\/v2\/comments?post=7"}],"version-history":[{"count":15,"href":"https:\/\/www.alma-technologies.net\/index.php\/wp-json\/wp\/v2\/pages\/7\/revisions"}],"predecessor-version":[{"id":63,"href":"https:\/\/www.alma-technologies.net\/index.php\/wp-json\/wp\/v2\/pages\/7\/revisions\/63"}],"wp:attachment":[{"href":"https:\/\/www.alma-technologies.net\/index.php\/wp-json\/wp\/v2\/media?parent=7"}],"curies":[{"name":"wp","href":"https:\/\/api.w.org\/{rel}","templated":true}]}}